{"id":1740,"date":"2019-05-10T13:53:45","date_gmt":"2019-05-10T11:53:45","guid":{"rendered":"https:\/\/neoboemi.de\/press\/"},"modified":"2019-05-10T14:04:57","modified_gmt":"2019-05-10T12:04:57","slug":"press","status":"publish","type":"page","link":"https:\/\/neoboemicosmetic.de\/en\/press\/","title":{"rendered":"press"},"content":{"rendered":"<p>[et_pb_section fb_built=&#8221;1&#8243; _builder_version=&#8221;3.22&#8243;][et_pb_row _builder_version=&#8221;3.22&#8243;][et_pb_column type=&#8221;4_4&#8243; _builder_version=&#8221;3.17.2&#8243;][et_pb_cta title=&#8221;neob\u00f6mi in the media&#8221; button_url=&#8221;#top&#8221; _builder_version=&#8221;3.21.1&#8243; header_level=&#8221;h1&#8243; header_font=&#8221;Montserrat||||||||&#8221; header_text_align=&#8221;left&#8221; header_text_color=&#8221;#606060&#8243; header_font_size=&#8221;37px&#8221; header_font_size_phone=&#8221;50px&#8221; header_font_size_last_edited=&#8221;on|phone&#8221; header_line_height=&#8221;1.3em&#8221; body_font=&#8221;Arial|700|||||||&#8221; body_text_color=&#8221;rgba(47,56,84,0.5)&#8221; body_font_size=&#8221;22px&#8221; body_line_height=&#8221;1.9em&#8221; use_background_color=&#8221;off&#8221; custom_button=&#8221;on&#8221; button_text_size=&#8221;16px&#8221; button_text_color=&#8221;#ffffff&#8221; button_bg_color=&#8221;#2f3854&#8243; button_border_width=&#8221;10px&#8221; button_border_color=&#8221;rgba(47,56,84,0)&#8221; button_border_radius=&#8221;60px&#8221; button_letter_spacing=&#8221;1px&#8221; button_font=&#8221;Montserrat|700||on|||||&#8221; button_use_icon=&#8221;off&#8221; text_orientation=&#8221;left&#8221; background_layout=&#8221;light&#8221; animation_style=&#8221;zoom&#8221; animation_direction=&#8221;bottom&#8221; animation_intensity_zoom=&#8221;10%&#8221; button_text_color_hover=&#8221;#ffffff&#8221; button_border_radius_hover=&#8221;66px&#8221; button_letter_spacing_hover=&#8221;1px&#8221; button_bg_color_hover=&#8221;rgba(47,56,84,0.9)&#8221; button_text_size__hover_enabled=&#8221;off&#8221; button_one_text_size__hover_enabled=&#8221;off&#8221; button_two_text_size__hover_enabled=&#8221;off&#8221; button_text_color__hover_enabled=&#8221;on&#8221; button_text_color__hover=&#8221;#ffffff&#8221; button_one_text_color__hover_enabled=&#8221;off&#8221; button_two_text_color__hover_enabled=&#8221;off&#8221; button_border_width__hover_enabled=&#8221;off&#8221; button_one_border_width__hover_enabled=&#8221;off&#8221; button_two_border_width__hover_enabled=&#8221;off&#8221; button_border_color__hover_enabled=&#8221;off&#8221; button_one_border_color__hover_enabled=&#8221;off&#8221; button_two_border_color__hover_enabled=&#8221;off&#8221; button_border_radius__hover_enabled=&#8221;on&#8221; button_border_radius__hover=&#8221;66px&#8221; button_one_border_radius__hover_enabled=&#8221;off&#8221; button_two_border_radius__hover_enabled=&#8221;off&#8221; button_letter_spacing__hover_enabled=&#8221;on&#8221; button_letter_spacing__hover=&#8221;1px&#8221; button_one_letter_spacing__hover_enabled=&#8221;off&#8221; button_two_letter_spacing__hover_enabled=&#8221;off&#8221; button_bg_color__hover_enabled=&#8221;on&#8221; button_bg_color__hover=&#8221;rgba(47,56,84,0.9)&#8221; button_one_bg_color__hover_enabled=&#8221;off&#8221; button_two_bg_color__hover_enabled=&#8221;off&#8221;][\/et_pb_cta][\/et_pb_column][\/et_pb_row][et_pb_row _builder_version=&#8221;3.22&#8243;][et_pb_column type=&#8221;4_4&#8243; _builder_version=&#8221;3.17.2&#8243;][et_pb_blog fullwidth=&#8221;off&#8221; posts_number=&#8221;20&#8243; include_categories=&#8221;all&#8221; show_content=&#8221;on&#8221; show_author=&#8221;off&#8221; _builder_version=&#8221;3.22.2&#8243;][\/et_pb_blog][\/et_pb_column][\/et_pb_row][\/et_pb_section][et_pb_section fb_built=&#8221;1&#8243; admin_label=&#8221;Subscribe&#8221; _builder_version=&#8221;3.22&#8243; use_background_color_gradient=&#8221;on&#8221; background_color_gradient_start=&#8221;#ffffff&#8221; background_color_gradient_end=&#8221;rgba(255,255,255,0)&#8221; background_color_gradient_end_position=&#8221;30%&#8221; background_color_gradient_overlays_image=&#8221;on&#8221; custom_padding=&#8221;0|0px|0|0px|false|false&#8221; animation_style=&#8221;slide&#8221; animation_direction=&#8221;bottom&#8221; animation_duration=&#8221;1250ms&#8221; animation_intensity_slide=&#8221;1%&#8221; saved_tabs=&#8221;all&#8221;][et_pb_row _builder_version=&#8221;3.22&#8243;][et_pb_column type=&#8221;1_3&#8243; _builder_version=&#8221;3.0.47&#8243;][et_pb_text _builder_version=&#8221;3.17.2&#8243; text_font=&#8221;Montserrat||||||||&#8221; text_font_size=&#8221;16px&#8221; custom_padding=&#8221;0px|||25px&#8221;]<\/p>\n<p style=\"text-align: center;\"><a href=\"https:\/\/neoboemicosmetic.de\/impressum\/\">imprint<\/a><\/p>\n<p>[\/et_pb_text][\/et_pb_column][et_pb_column type=&#8221;1_3&#8243; _builder_version=&#8221;3.0.47&#8243;][et_pb_text _builder_version=&#8221;3.17.2&#8243; text_font=&#8221;Montserrat||||||||&#8221; text_font_size=&#8221;16px&#8221; custom_padding=&#8221;|||25px&#8221;]<\/p>\n<p style=\"text-align: center;\"><a href=\"https:\/\/neoboemicosmetic.de\/en\/datenschutz\/\">privacy<\/a><\/p>\n<p>[\/et_pb_text][\/et_pb_column][et_pb_column type=&#8221;1_3&#8243; _builder_version=&#8221;3.0.47&#8243;][et_pb_text _builder_version=&#8221;3.22.2&#8243; text_font=&#8221;Montserrat||||||||&#8221; text_font_size=&#8221;16px&#8221; custom_padding=&#8221;|||25px&#8221;]<\/p>\n<p style=\"text-align: center;\"><a href=\"https:\/\/neoboemicosmetic.de\/faqs\/\" title=\"FAQs\">FAQs<\/a><\/p>\n<p>[\/et_pb_text][\/et_pb_column][\/et_pb_row][\/et_pb_section]<\/p>\n","protected":false},"excerpt":{"rendered":"<p>[et_pb_section fb_built=&#8221;1&#8243; _builder_version=&#8221;3.22&#8243;][et_pb_row _builder_version=&#8221;3.22&#8243;][et_pb_column type=&#8221;4_4&#8243; _builder_version=&#8221;3.17.2&#8243;][et_pb_cta title=&#8221;neob\u00f6mi in the media&#8221; button_url=&#8221;#top&#8221; _builder_version=&#8221;3.21.1&#8243; header_level=&#8221;h1&#8243; header_font=&#8221;Montserrat||||||||&#8221; header_text_align=&#8221;left&#8221; header_text_color=&#8221;#606060&#8243; header_font_size=&#8221;37px&#8221; header_font_size_phone=&#8221;50px&#8221; header_font_size_last_edited=&#8221;on|phone&#8221; header_line_height=&#8221;1.3em&#8221; body_font=&#8221;Arial|700|||||||&#8221; body_text_color=&#8221;rgba(47,56,84,0.5)&#8221; body_font_size=&#8221;22px&#8221; body_line_height=&#8221;1.9em&#8221; use_background_color=&#8221;off&#8221; custom_button=&#8221;on&#8221; button_text_size=&#8221;16px&#8221; button_text_color=&#8221;#ffffff&#8221; button_bg_color=&#8221;#2f3854&#8243; button_border_width=&#8221;10px&#8221; button_border_color=&#8221;rgba(47,56,84,0)&#8221; button_border_radius=&#8221;60px&#8221; button_letter_spacing=&#8221;1px&#8221; button_font=&#8221;Montserrat|700||on|||||&#8221; button_use_icon=&#8221;off&#8221; text_orientation=&#8221;left&#8221; background_layout=&#8221;light&#8221; animation_style=&#8221;zoom&#8221; animation_direction=&#8221;bottom&#8221; animation_intensity_zoom=&#8221;10%&#8221; button_text_color_hover=&#8221;#ffffff&#8221; button_border_radius_hover=&#8221;66px&#8221; button_letter_spacing_hover=&#8221;1px&#8221; button_bg_color_hover=&#8221;rgba(47,56,84,0.9)&#8221; button_text_size__hover_enabled=&#8221;off&#8221; button_one_text_size__hover_enabled=&#8221;off&#8221; button_two_text_size__hover_enabled=&#8221;off&#8221; button_text_color__hover_enabled=&#8221;on&#8221; button_text_color__hover=&#8221;#ffffff&#8221; button_one_text_color__hover_enabled=&#8221;off&#8221; button_two_text_color__hover_enabled=&#8221;off&#8221; button_border_width__hover_enabled=&#8221;off&#8221; button_one_border_width__hover_enabled=&#8221;off&#8221; button_two_border_width__hover_enabled=&#8221;off&#8221; button_border_color__hover_enabled=&#8221;off&#8221; [&hellip;]<\/p>\n","protected":false},"author":1,"featured_media":0,"parent":0,"menu_order":0,"comment_status":"closed","ping_status":"closed","template":"","meta":{"_et_pb_use_builder":"on","_et_pb_old_content":"","_et_gb_content_width":""},"yoast_head":"<!-- This site is optimized with the Yoast SEO plugin v16.6.1 - https:\/\/yoast.com\/wordpress\/plugins\/seo\/ -->\n<title>press - neoboemi cosmetics<\/title>\n<meta name=\"description\" content=\"Das Ziel unserer Produkte ist maximale Wirkung bei h\u00f6chster Vertr\u00e4glichkeit. Keine unn\u00f6tigen Zusatzstoffe und hohe Hautvertr\u00e4glichkeit f\u00fcr ein gesundes Hautgef\u00fchl. F\u00fcr sie und ihn.\" \/>\n<meta name=\"robots\" content=\"index, follow, max-snippet:-1, max-image-preview:large, max-video-preview:-1\" \/>\n<link rel=\"canonical\" href=\"https:\/\/neoboemicosmetic.de\/en\/press\/\" \/>\n<meta property=\"og:locale\" content=\"en_US\" \/>\n<meta property=\"og:type\" content=\"article\" \/>\n<meta property=\"og:title\" content=\"press - neoboemi cosmetics\" \/>\n<meta property=\"og:description\" content=\"Das Ziel unserer Produkte ist maximale Wirkung bei h\u00f6chster Vertr\u00e4glichkeit. Keine unn\u00f6tigen Zusatzstoffe und hohe Hautvertr\u00e4glichkeit f\u00fcr ein gesundes Hautgef\u00fchl. F\u00fcr sie und ihn.\" \/>\n<meta property=\"og:url\" content=\"https:\/\/neoboemicosmetic.de\/en\/press\/\" \/>\n<meta property=\"og:site_name\" content=\"neoboemi cosmetics\" \/>\n<meta property=\"article:modified_time\" content=\"2019-05-10T12:04:57+00:00\" \/>\n<meta name=\"twitter:card\" content=\"summary_large_image\" \/>\n<meta name=\"twitter:label1\" content=\"Est. reading time\" \/>\n\t<meta name=\"twitter:data1\" content=\"3 minutes\" \/>\n<script type=\"application\/ld+json\" class=\"yoast-schema-graph\">{\"@context\":\"https:\/\/schema.org\",\"@graph\":[{\"@type\":\"Organization\",\"@id\":\"https:\/\/neoboemicosmetic.de\/#organization\",\"name\":\"neob\\u00f6mi\",\"url\":\"https:\/\/neoboemicosmetic.de\/\",\"sameAs\":[],\"logo\":{\"@type\":\"ImageObject\",\"@id\":\"https:\/\/neoboemicosmetic.de\/#logo\",\"inLanguage\":\"en-US\",\"url\":\"https:\/\/neoboemicosmetic.de\/wp-content\/uploads\/2018\/10\/neoboemi_Logo_web.jpg\",\"contentUrl\":\"https:\/\/neoboemicosmetic.de\/wp-content\/uploads\/2018\/10\/neoboemi_Logo_web.jpg\",\"width\":695,\"height\":193,\"caption\":\"neob\\u00f6mi\"},\"image\":{\"@id\":\"https:\/\/neoboemicosmetic.de\/#logo\"}},{\"@type\":\"WebSite\",\"@id\":\"https:\/\/neoboemicosmetic.de\/#website\",\"url\":\"https:\/\/neoboemicosmetic.de\/\",\"name\":\"neoboemi cosmetics\",\"description\":\"Feel unique with Hyaluron\",\"publisher\":{\"@id\":\"https:\/\/neoboemicosmetic.de\/#organization\"},\"potentialAction\":[{\"@type\":\"SearchAction\",\"target\":{\"@type\":\"EntryPoint\",\"urlTemplate\":\"https:\/\/neoboemicosmetic.de\/?s={search_term_string}\"},\"query-input\":\"required name=search_term_string\"}],\"inLanguage\":\"en-US\"},{\"@type\":\"WebPage\",\"@id\":\"https:\/\/neoboemicosmetic.de\/en\/press\/#webpage\",\"url\":\"https:\/\/neoboemicosmetic.de\/en\/press\/\",\"name\":\"press - neoboemi cosmetics\",\"isPartOf\":{\"@id\":\"https:\/\/neoboemicosmetic.de\/#website\"},\"datePublished\":\"2019-05-10T11:53:45+00:00\",\"dateModified\":\"2019-05-10T12:04:57+00:00\",\"description\":\"Das Ziel unserer Produkte ist maximale Wirkung bei h\\u00f6chster Vertr\\u00e4glichkeit. Keine unn\\u00f6tigen Zusatzstoffe und hohe Hautvertr\\u00e4glichkeit f\\u00fcr ein gesundes Hautgef\\u00fchl. F\\u00fcr sie und ihn.\",\"breadcrumb\":{\"@id\":\"https:\/\/neoboemicosmetic.de\/en\/press\/#breadcrumb\"},\"inLanguage\":\"en-US\",\"potentialAction\":[{\"@type\":\"ReadAction\",\"target\":[\"https:\/\/neoboemicosmetic.de\/en\/press\/\"]}]},{\"@type\":\"BreadcrumbList\",\"@id\":\"https:\/\/neoboemicosmetic.de\/en\/press\/#breadcrumb\",\"itemListElement\":[{\"@type\":\"ListItem\",\"position\":1,\"name\":\"Home\",\"item\":\"https:\/\/neoboemicosmetic.de\/en\/\"},{\"@type\":\"ListItem\",\"position\":2,\"name\":\"press\"}]}]}<\/script>\n<!-- \/ Yoast SEO plugin. -->","_links":{"self":[{"href":"https:\/\/neoboemicosmetic.de\/en\/wp-json\/wp\/v2\/pages\/1740"}],"collection":[{"href":"https:\/\/neoboemicosmetic.de\/en\/wp-json\/wp\/v2\/pages"}],"about":[{"href":"https:\/\/neoboemicosmetic.de\/en\/wp-json\/wp\/v2\/types\/page"}],"author":[{"embeddable":true,"href":"https:\/\/neoboemicosmetic.de\/en\/wp-json\/wp\/v2\/users\/1"}],"replies":[{"embeddable":true,"href":"https:\/\/neoboemicosmetic.de\/en\/wp-json\/wp\/v2\/comments?post=1740"}],"version-history":[{"count":2,"href":"https:\/\/neoboemicosmetic.de\/en\/wp-json\/wp\/v2\/pages\/1740\/revisions"}],"predecessor-version":[{"id":1752,"href":"https:\/\/neoboemicosmetic.de\/en\/wp-json\/wp\/v2\/pages\/1740\/revisions\/1752"}],"wp:attachment":[{"href":"https:\/\/neoboemicosmetic.de\/en\/wp-json\/wp\/v2\/media?parent=1740"}],"curies":[{"name":"wp","href":"https:\/\/api.w.org\/{rel}","templated":true}]}}